{"id":1438,"date":"2022-06-13T20:57:33","date_gmt":"2022-06-13T17:57:33","guid":{"rendered":"https:\/\/rocketplay-online.com\/blackjack\/"},"modified":"2025-04-02T16:13:01","modified_gmt":"2025-04-02T13:13:01","slug":"blackjack","status":"publish","type":"page","link":"https:\/\/rocketplay-online.com\/de\/blackjack\/","title":{"rendered":"Blackjack Casino Online"},"content":{"rendered":"<p>Blackjack online erfreut sich immer gr\u00f6\u00dferer Beliebtheit, da immer mehr Spieler es vorziehen, online zu spielen, anstatt traditionelle Casinos zu besuchen. Aufgrund seiner unglaublichen Beliebtheit ist dieses klassische Spiel, das ein gewisses Ma\u00df an Geschicklichkeit erfordert, jetzt auch auf einem PC oder Laptop sowie auf <a href=\"https:\/\/rocketplay-online.com\/de\/mobile-version\/\">mobilen<\/a> Ger\u00e4ten und in Casinos mit Live-Dealern spielbar.<\/p>\n<style>\n\t.ctt{\n\t\twidth: 90vw !important;\n\t\tmargin: auto;\n\t\tmax-width: 1200px;\n\t}\n<\/style>\n<p>Bei RocketPlay ist Online-Blackjack bei den Spielern sehr beliebt, weil die Ergebnisse dieses Spiels von Ihrem K\u00f6nnen abh\u00e4ngen und nicht wie bei Spielautomaten oder Roulette vom Zufall abh\u00e4ngen. Als Geschicklichkeitsspiel gibt Blackjack Ihnen die Kontrolle \u00fcber das Ergebnis und erh\u00f6ht Ihre Gewinnchancen sowohl in traditionellen als auch in virtuellen Casinos.<\/p>\n<p><img loading=\"lazy\" decoding=\"async\" class=\"aligncenter wp-image-3732\" src=\"https:\/\/rocketplay-online.com\/wp-content\/uploads\/2024\/01\/casino-online-gambling-technology-people-concept-close-up-poker-player-with-playing-cards-laptop-chips-green-casino-table.jpg\" alt=\"Blackjack online casino\" width=\"800\" height=\"488\" srcset=\"https:\/\/rocketplay-online.com\/wp-content\/uploads\/2024\/01\/casino-online-gambling-technology-people-concept-close-up-poker-player-with-playing-cards-laptop-chips-green-casino-table.jpg 1000w, https:\/\/rocketplay-online.com\/wp-content\/uploads\/2024\/01\/casino-online-gambling-technology-people-concept-close-up-poker-player-with-playing-cards-laptop-chips-green-casino-table-300x183.jpg 300w, https:\/\/rocketplay-online.com\/wp-content\/uploads\/2024\/01\/casino-online-gambling-technology-people-concept-close-up-poker-player-with-playing-cards-laptop-chips-green-casino-table-768x468.jpg 768w\" sizes=\"auto, (max-width: 800px) 100vw, 800px\" \/><\/p>\n<p>Blackjack ist ein leicht zu erlernendes Spiel, aber es ist nicht leicht, ein professioneller Spieler zu werden. Das Ziel des Spiels ist es, so viele Punkte wie m\u00f6glich zu sammeln, aber nicht mehr als 21. Der Spieler, der am n\u00e4chsten an 21 Punkte herankommt, gewinnt! Wenn du den \u00dcberblick \u00fcber die gespielten Karten beh\u00e4ltst, bist du im Vorteil, denn dann wei\u00dft du, wie n\u00fctzlich die noch im Spiel befindlichen Karten f\u00fcr dich sein k\u00f6nnen. Sie k\u00f6nnen verschiedene Varianten dieses Spiels ausprobieren, aber wenn Sie die Klassiker bevorzugen, empfehlen wir die European Blackjack Gold Series des bekannten Anbieters Microgaming.<\/p>\n<p>Moderne Casinos bieten nicht nur Blackjack-Spiele mit computergenerierten Ergebnissen an, sondern Sie k\u00f6nnen Blackjack auch live spielen. Sie k\u00f6nnen mit einem echten Dealer spielen, der nicht nur die Karten austeilt, sondern auch ein freundliches Gespr\u00e4ch mit Ihnen f\u00fchrt.<\/p>\n<p>Fans von Blackjack werden auch andere Arten von Tischspielen m\u00f6gen, wie z. B.:<\/p>\n<ul>\n<li style=\"font-weight: 400;\" aria-level=\"1\"><span style=\"font-weight: 400;\">roulette.<\/span><\/li>\n<li style=\"font-weight: 400;\" aria-level=\"1\"><span style=\"font-weight: 400;\">video poker.<\/span><\/li>\n<li style=\"font-weight: 400;\" aria-level=\"1\"><span style=\"font-weight: 400;\">bakkarat.<\/span><\/li>\n<li style=\"font-weight: 400;\" aria-level=\"1\">sic bo, usw.<\/li>\n<\/ul>\n<p>Bevor Sie RocketPlay Blackjack <a href=\"https:\/\/rocketplay-online.com\/de\/bonus\/\">Bonus<\/a> spielen, lohnt es sich zu \u00fcben, denn erfahrene Spieler werden gegen Sie spielen! Wenn Sie neu im Spiel sind, raten wir Ihnen zu \u00fcben, bevor Sie Ihre Eins\u00e4tze erh\u00f6hen, indem Sie um echtes Geld spielen.<\/p>\n<div class=\"go-btn-container\"><div class=\"tosh-btn\"><a href=\"\/go-casino\/\" target=\"_blank\" rel=\"noopener\">JETZT SPIELEN<\/a><\/div><\/div>\n<h2>Die Regeln<\/h2>\n<p>Blackjack RocketPlay, in Deutschland als einundzwanzig bekannt, lockt die Spieler mit der Geschwindigkeit und Einfachheit des Spiels in Kombination mit einer hohen Gewinnwahrscheinlichkeit. Mit der richtigen Taktik hat das Casino einen Vorteil von etwa 0,5 %, das ist mal profitabler als das Spielen von Video Slots oder Roulette. Wir werden weiter unten auf die Spielstrategien eingehen, aber jetzt erst einmal die Grundregeln erkl\u00e4ren.<\/p>\n<p>Das Wichtigste, was sich ein Anf\u00e4nger merken sollte: Das Ziel ist nicht, 21 Punkte zu sammeln, sondern mehr Punkte zu sammeln als der Dealer, aber nicht mehr als 21. Die Z\u00e4hlung erfolgt wie folgt:<\/p>\n<ul>\n<li style=\"font-weight: 400;\" aria-level=\"1\"><span style=\"font-weight: 400;\">NuDie nummerierten Karten entsprechen der angegebenen St\u00fcckelung;<\/span><\/li>\n<li style=\"font-weight: 400;\" aria-level=\"1\">Bilder z\u00e4hlen f\u00fcr 10 Punkte;<\/li>\n<li style=\"font-weight: 400;\" aria-level=\"1\">Ein Ass gibt entweder einen oder 11 Punkte, je nachdem, was f\u00fcr den Spieler vorteilhafter ist.<\/li>\n<\/ul>\n<p>Eine Kombination aus zwei Karten, von denen eine ein Ass und die andere eine beliebige Karte ist, die 10 Punkte ergibt, wird als Blackjack bezeichnet und gilt als die st\u00e4rkste der m\u00f6glichen Kombinationen. Sie wird im Verh\u00e4ltnis 3:2 ausgezahlt, w\u00e4hrend andere Gewinnkombinationen im Verh\u00e4ltnis 1:1 ausgezahlt werden.<\/p>\n<h2>Wie man Blackjack spielt<\/h2>\n<p>Obwohl die Details je nach den Regeln des Casinos oder des Softwareanbieters variieren k\u00f6nnen, umfasst das Spiel traditionell die folgenden Schritte.<\/p>\n<p>Nachdem die Spieler ihre Eins\u00e4tze get\u00e4tigt haben, gibt der Dealer zwei offene Karten aus und nur eine seiner Karten wird aufgedeckt.<\/p>\n<p>Nachdem der Spieler seine Kombination und die Karte des Dealers ausgewertet hat, kann er die Karten beenden.<\/p>\n<p><img loading=\"lazy\" decoding=\"async\" class=\"aligncenter wp-image-3741\" src=\"https:\/\/rocketplay-online.com\/wp-content\/uploads\/2024\/01\/close-up-player-s-hand-holding-two-aces-playing-cards.jpg\" alt=\"Blackjack online casino 2\" width=\"800\" height=\"534\" srcset=\"https:\/\/rocketplay-online.com\/wp-content\/uploads\/2024\/01\/close-up-player-s-hand-holding-two-aces-playing-cards.jpg 1000w, https:\/\/rocketplay-online.com\/wp-content\/uploads\/2024\/01\/close-up-player-s-hand-holding-two-aces-playing-cards-300x200.jpg 300w, https:\/\/rocketplay-online.com\/wp-content\/uploads\/2024\/01\/close-up-player-s-hand-holding-two-aces-playing-cards-768x512.jpg 768w\" sizes=\"auto, (max-width: 800px) 100vw, 800px\" \/><\/p>\n<p>Manchmal gibt es beim Blackjack die M\u00f6glichkeit, aufzugeben (Surrender) und die H\u00e4lfte des Einsatzes zur\u00fcckzugeben &#8211; dies ist angebracht, wenn der Spieler sicher ist, dass seine Kombination schw\u00e4cher ist als die des Dealers.<\/p>\n<p>Verlieren z\u00e4hlt, wenn das Blatt 21 Punkte \u00fcberschreitet.<\/p>\n<p>Nachdem der Dealer eine zweite Karte aufgedeckt hat, muss er mindestens 17 Punkte aufholen und dann aufh\u00f6ren.<\/p>\n<p>Wenn der Geber mit dem Aufnehmen der Karten fertig ist, gewinnt der Spieler, der mehr Punkte als der Geber hat. Bei einem Unentschieden wird der Einsatz zur\u00fcckerstattet.<\/p>\n<p>Kommen wir nun zu den Feinheiten des Spiels, wie Splits und Paschs.<\/p>\n<p>Ein Pasch ist eine Verdoppelung des Einsatzes, wenn Sie sicher sind, dass Sie gewinnen, nachdem die ersten beiden Karten ausgeteilt wurden. Nach der Verdopplung des Einsatzes wird dem Spieler nur eine weitere Karte ausgeteilt.<\/p>\n<p>Split ist eine M\u00f6glichkeit, zwei H\u00e4nde zu spielen. Wenn der Spieler bei der Ausgabe zwei gleichwertige Karten erh\u00e4lt, kann er einen gleich hohen Einsatz hinzuf\u00fcgen und das Paar in zwei H\u00e4nde aufteilen. In diesem Fall ist es weiterhin erforderlich, Karten in jede Hand zu bekommen, deren Kombinationen unabh\u00e4ngig voneinander bewertet werden.<\/p>\n<h2>Merkmale des Spiels beim Blackjack<\/h2>\n<p>Wenn ein Spieler einen Blackjack hat, kann der Sieg als garantiert angesehen werden. Allerdings gibt es hier eine Nuance: Es ist m\u00f6glich, dass der Dealer ebenfalls einen Blackjack w\u00fcrfelt. Wenn der Dealer also ein offenes Ass hat, wird dem Spieler das gleiche Geld angeboten (Even money). Stimmt der Spieler zu, betr\u00e4gt die Auszahlung 1:1 anstelle des typischen Blackjack 3:2, und die Runde ist damit beendet.<\/p>\n<p>Wenn der Dealer ein offenes Ass hat, d. h. die Wahrscheinlichkeit eines Blackjacks hoch ist, wird den Spielern eine Versicherung angeboten. Das bedeutet, dass Sie die H\u00e4lfte des regul\u00e4ren Einsatzes darauf setzen k\u00f6nnen, dass der Geber einen Blackjack hat. Wenn eine zweite Zehnerkarte oder ein Bild aufgedeckt wird, wird die Versicherung 2:1 ausgezahlt; andernfalls wird sie verbrannt.<\/p>\n<p>Wenn der Geber einen Blackjack w\u00fcrfelt, verlieren alle Spieler, au\u00dfer denen, die ebenfalls einen Blackjack haben. Letztere bleiben auf sich allein gestellt, wenn sie sich nicht vorher auf einen Geldausgleich geeinigt haben.<\/p>\n<div class=\"go-btn-container\"><div class=\"tosh-btn\"><a href=\"\/go-casino\/\" target=\"_blank\" rel=\"noopener\">JETZT SPIELEN<\/a><\/div><\/div>\n<h2>Blackjack kostenlos spielen<\/h2>\n<p>Wenn Sie Blackjack bisher nur vom H\u00f6rensagen kannten, empfehlen wir Ihnen, eine Demoversion des Kartenspiels auszuprobieren, bevor Sie echtes Geld riskieren. Testversionen sind f\u00fcr fast alle Spiele erh\u00e4ltlich, und in einer Reihe von Casinos k\u00f6nnen Sie die kostenlose Version nicht nur f\u00fcr autorisierte Benutzer, sondern auch f\u00fcr G\u00e4ste der Website ausf\u00fchren. In einigen Live-Casinos k\u00f6nnen die Kunden das Spiel einfach beobachten und von erfahrenen Spielern lernen, wie man wettet.<\/p>\n<p>Das kostenlose Spiel erm\u00f6glicht es Ihnen also, sich in die Materie einzuarbeiten und eine RocketPlay Blackjack-Strategie ohne unn\u00f6tige Risiken zu entwickeln. Wenn Sie jedoch keine Zeit mit der Suche nach den besten L\u00f6sungen verschwenden und sich auch nicht auf Ihr Gl\u00fcck verlassen wollen, dann raten wir Ihnen, eine vorgefertigte, l\u00e4ngst entwickelte und am wenigsten riskante Blackjack-Taktik zu verwenden.<\/p>\n<p><img loading=\"lazy\" decoding=\"async\" class=\"aligncenter wp-image-3750\" src=\"https:\/\/rocketplay-online.com\/wp-content\/uploads\/2024\/01\/friends-havinf-fun-while-playing-poker.jpg\" alt=\"Blackjack online casino 3\" width=\"800\" height=\"534\" srcset=\"https:\/\/rocketplay-online.com\/wp-content\/uploads\/2024\/01\/friends-havinf-fun-while-playing-poker.jpg 1000w, https:\/\/rocketplay-online.com\/wp-content\/uploads\/2024\/01\/friends-havinf-fun-while-playing-poker-300x200.jpg 300w, https:\/\/rocketplay-online.com\/wp-content\/uploads\/2024\/01\/friends-havinf-fun-while-playing-poker-768x513.jpg 768w\" sizes=\"auto, (max-width: 800px) 100vw, 800px\" \/><\/p>\n<h3>Eine klassische Blackjack-Strategie<\/h3>\n<p>Da Blackjack ein beliebtes Gl\u00fccksspiel mit einer langen Geschichte ist, ist es nicht verwunderlich, dass eine klare Strategie entwickelt wurde, um Ihre Gewinnchancen um bis zu 49,5 % zu erh\u00f6hen. Der bequemste Weg, sich mit der grundlegenden Strategie vertraut zu machen, ist eine Tabelle, die man leicht im Internet finden kann. Die Tabelle gibt klare Anweisungen, wie sich ein Spieler in Abh\u00e4ngigkeit von den Karten in seiner Hand und der offenen Karte des Dealers verhalten sollte. Wenn Sie zum Beispiel eine 11 erhalten und die offene Karte des Gebers kein Ass ist, sollten Sie Ihren Einsatz verdoppeln. Sie k\u00f6nnen zwei Asse oder zwei Achten mit einem beliebigen Blatt des Dealers teilen, aber es ist immer besser, bei zwei Zehnen zu stoppen: nichts zu gewinnen und das Teilen abzulehnen.<\/p>\n<p>Wenn Sie also die in der Tabelle vorgeschlagenen L\u00f6sungen verwenden und nicht von den Anweisungen abweichen, k\u00f6nnen Sie gute Ergebnisse erzielen. Aber vergessen Sie vor allem nicht, dass beim Gl\u00fccksspiel viel vom Gl\u00fcck abh\u00e4ngt. Seien Sie nicht hartn\u00e4ckig und versuchen Sie, das Verlorene zur\u00fcckzubekommen, wenn heute nicht Ihr Tag ist. Es ist wichtig, die H\u00f6he der Eins\u00e4tze und das zul\u00e4ssige Limit der Mittel f\u00fcr das Spiel klar zu definieren und auf keinen Fall \u00fcber das geplante Budget hinauszugehen.<\/p>\n<h3>Blackjack f\u00fcr echtes Geld<\/h3>\n<p>Jedes Online-Casino bietet heute mindestens ein Dutzend Blackjack-Varianten an, und oft sind es sogar mehr als hundert. Wenn Sie sich f\u00fcr einen Raum entscheiden, in dem Sie RocketPlay Online-Blackjack mit echtem Geld spielen m\u00f6chten, achten Sie auf Tischspielturniere, bei denen Sie wertvolle Preise gewinnen k\u00f6nnen.<\/p>\n<p>Es ist auch gut, wenn das Online-Casino Cashback auf Karten- und Live-Spiele anbietet, da dies hilft, einen Teil des verlorenen Geldes nach einer schlechten Woche zur\u00fcckzugewinnen. Schlie\u00dflich sollten Sie nur auf seri\u00f6sen Websites spielen, damit Sie sicher sein k\u00f6nnen, dass der Betreiber Ihnen im Falle eines Gewinns das verdiente Geld auszahlt.<\/p>\n<div class=\"go-btn-container\"><div class=\"tosh-btn\"><a href=\"\/go-casino\/\" target=\"_blank\" rel=\"noopener\">JETZT SPIELEN<\/a><\/div><\/div>\n<h3>Blackjack von den besten Anbietern<\/h3>\n<p>Da RocketPlay <a href=\"https:\/\/rocketplay-online.com\/de\/download\/\">Download<\/a> Black Jack souver\u00e4n die Spitzenposition unter den beliebten Kartenspielen einnimmt, bieten Dutzende von Softwareanbietern ihren Nutzern die entsprechenden Produkte an. So ist beispielsweise die Firma Amatic f\u00fcr ihre klassische Version von Black Jack bekannt. Aber das Studio Betsoft hat neben dem Standardspiel American Blackjack auch 21 Burn Blackjack entwickelt, bei dem nach der Verteilung einer der beiden Karten f\u00fcr die H\u00e4lfte des urspr\u00fcnglichen Einsatzes verbrannt werden kann.<\/p>\n<p>Hersteller iSoftBet bietet mehrere Arten von RocketPlay Online-Blackjack Deutschland, einschlie\u00dflich Blackjack Multihand, im Jahr 2020 ver\u00f6ffentlicht, wo der Benutzer das Recht hat, bis zu drei Wetten zu machen, das hei\u00dft, bis zu drei Kombinationen pro Spiel zu sammeln. Auch bitte mit einer Vielzahl von Spielen Entwickler Play&#8217;N Go, in der Linie von denen, unter anderem, gibt es Double Exposure BlackJack MH. Letzteres unterscheidet sich dadurch, dass der Dealer seine beiden Karten offen auslegt, d.h. der Spieler hat zun\u00e4chst eine klare Vorstellung von der St\u00e4rke des gegnerischen Blattes.<\/p>\n<p>Der Vorteil des Casinos wird in diesem Fall durch andere Parameter kompensiert, z. B. wird BlackJack 1:1 bezahlt, und bei gleicher Punktzahl geht der Sieg an den Dealer. Sie sollten auch auf das sch\u00f6n gestaltete Spiel Lucky Blackjack von Yggdrasil achten, das durch das Vorhandensein zus\u00e4tzlicher Wetten interessant ist. Die Nebenwetten Lucky Ladies und Lucky Lucky gewinnen bei einem Wurf bei der urspr\u00fcnglichen Ausgabe bestimmter Karten und werden in einem Verh\u00e4ltnis von bis zu 1:500 ausgezahlt, was die Spieler sicherlich anlockt.<\/p>\n<p>Wie Sie sehen, gibt es viele M\u00f6glichkeiten f\u00fcr Blackjack mit Computerprogrammen, sowohl f\u00fcr Geld als auch in RocketPlay Blackjack online kostenlos. Sobald Sie ge\u00fcbt haben, k\u00f6nnen Sie zu Live-Dealer-Spielen \u00fcbergehen.<\/p>\n<h3>Blackjack in einem Live-Kasino<\/h3>\n<p>Achten Sie bei der Auswahl eines Live-Dealer-Spiels auf den Software-Hersteller. Eine breite Palette von Blackjack-Spielen wird zum Beispiel von NetEnt angeboten. Perfect Blackjack, bei dem die Karten vom Dealer nach der oben beschriebenen Strategie ausgeteilt werden, ist ideal f\u00fcr Neueinsteiger und erh\u00f6ht die Rendite des Spielers auf 99,66 %. Das Spiel verf\u00fcgt auch \u00fcber eine Autoplay-Funktion. Wenn diese aktiviert ist, werden auch Splits und Paschs automatisch nach der Standardstrategie ausgef\u00fchrt.<\/p>\n<p><img loading=\"lazy\" decoding=\"async\" class=\"aligncenter wp-image-3759\" src=\"https:\/\/rocketplay-online.com\/wp-content\/uploads\/2024\/01\/croupier-gambling-table-casino-black-background-concept-victory.jpg\" alt=\"Blackjack online casino 4\" width=\"800\" height=\"534\" srcset=\"https:\/\/rocketplay-online.com\/wp-content\/uploads\/2024\/01\/croupier-gambling-table-casino-black-background-concept-victory.jpg 1000w, https:\/\/rocketplay-online.com\/wp-content\/uploads\/2024\/01\/croupier-gambling-table-casino-black-background-concept-victory-300x200.jpg 300w, https:\/\/rocketplay-online.com\/wp-content\/uploads\/2024\/01\/croupier-gambling-table-casino-black-background-concept-victory-768x512.jpg 768w\" sizes=\"auto, (max-width: 800px) 100vw, 800px\" \/><\/p>\n<p>Der unbestrittene Marktf\u00fchrer im Bereich Live-Casino ist nach wie vor das Studio Evolution Gaming. Nat\u00fcrlich konnte der Anbieter ein so beliebtes Spiel wie Blackjack nicht ignorieren, also finden Sie eine Vielzahl von Spieloptionen. So werden erfahrene Nutzer Speed Blackjack bevorzugen, bei dem die Spieler nach dem Austeilen der ersten beiden Karten entscheiden, was sie als N\u00e4chstes tun wollen, und zwar nicht nacheinander, sondern gleichzeitig, und derjenige, der die Karte als Erster fertig hat, ist derjenige, der die Entscheidung schneller als die anderen getroffen hat. Wer sich gerne am\u00fcsiert, sollte Blackjack Party ausprobieren &#8211; ein Spiel mit niedrigen Eins\u00e4tzen im Stil einer lustigen Party. Musik, lebhafte Unterhaltung und ein fr\u00f6hliches Duo aus Dealer und Gastgeber lassen keine Langeweile aufkommen.<\/p>\n","protected":false},"excerpt":{"rendered":"<p>Blackjack online erfreut sich immer gr\u00f6\u00dferer Beliebtheit, da immer mehr Spieler es vorziehen, online zu spielen, anstatt traditionelle Casinos zu besuchen. Aufgrund seiner unglaublichen Beliebtheit ist dieses klassische Spiel, das ein gewisses Ma\u00df an Geschicklichkeit erfordert, jetzt auch auf einem PC oder Laptop sowie auf mobilen Ger\u00e4ten und in Casinos mit Live-Dealern spielbar. Bei RocketPlay&#8230;<\/p>\n","protected":false},"author":1,"featured_media":0,"parent":0,"menu_order":0,"comment_status":"closed","ping_status":"closed","template":"","meta":{"_acf_changed":false,"_kad_post_transparent":"default","_kad_post_title":"default","_kad_post_layout":"default","_kad_post_sidebar_id":"","_kad_post_content_style":"default","_kad_post_vertical_padding":"default","_kad_post_feature":"","_kad_post_feature_position":"","_kad_post_header":false,"_kad_post_footer":false,"footnotes":""},"class_list":["post-1438","page","type-page","status-publish","hentry"],"acf":[],"rttpg_featured_image_url":null,"rttpg_author":{"display_name":"Oliver","author_link":"https:\/\/rocketplay-online.com\/de\/author\/pemvas95n89x\/"},"rttpg_comment":0,"rttpg_category":null,"rttpg_excerpt":"Blackjack online erfreut sich immer gr\u00f6\u00dferer Beliebtheit, da immer mehr Spieler es vorziehen, online zu spielen, anstatt traditionelle Casinos zu besuchen. Aufgrund seiner unglaublichen Beliebtheit ist dieses klassische Spiel, das ein gewisses Ma\u00df an Geschicklichkeit erfordert, jetzt auch auf einem PC oder Laptop sowie auf mobilen Ger\u00e4ten und in Casinos mit Live-Dealern spielbar. Bei RocketPlay...","_links":{"self":[{"href":"https:\/\/rocketplay-online.com\/de\/wp-json\/wp\/v2\/pages\/1438","targetHints":{"allow":["GET"]}}],"collection":[{"href":"https:\/\/rocketplay-online.com\/de\/wp-json\/wp\/v2\/pages"}],"about":[{"href":"https:\/\/rocketplay-online.com\/de\/wp-json\/wp\/v2\/types\/page"}],"author":[{"embeddable":true,"href":"https:\/\/rocketplay-online.com\/de\/wp-json\/wp\/v2\/users\/1"}],"replies":[{"embeddable":true,"href":"https:\/\/rocketplay-online.com\/de\/wp-json\/wp\/v2\/comments?post=1438"}],"version-history":[{"count":9,"href":"https:\/\/rocketplay-online.com\/de\/wp-json\/wp\/v2\/pages\/1438\/revisions"}],"predecessor-version":[{"id":6589,"href":"https:\/\/rocketplay-online.com\/de\/wp-json\/wp\/v2\/pages\/1438\/revisions\/6589"}],"wp:attachment":[{"href":"https:\/\/rocketplay-online.com\/de\/wp-json\/wp\/v2\/media?parent=1438"}],"curies":[{"name":"wp","href":"https:\/\/api.w.org\/{rel}","templated":true}]}}