{"id":1433,"date":"2022-08-11T16:35:41","date_gmt":"2022-08-11T13:35:41","guid":{"rendered":"https:\/\/rocketplay-online.com\/free-spins\/"},"modified":"2025-04-02T15:17:46","modified_gmt":"2025-04-02T12:17:46","slug":"free-spins","status":"publish","type":"page","link":"https:\/\/rocketplay-online.com\/de\/free-spins\/","title":{"rendered":"\u00dcber RocketPlay Freispiele"},"content":{"rendered":"<p><img loading=\"lazy\" decoding=\"async\" class=\"aligncenter wp-image-258\" src=\"https:\/\/rocketplay-online.com\/wp-content\/uploads\/2022\/08\/playamo-australia-review-why-should-you-play-on-playamo-casino-1.jpeg\" alt=\"free spins\" width=\"592\" height=\"379\" srcset=\"https:\/\/rocketplay-online.com\/wp-content\/uploads\/2022\/08\/playamo-australia-review-why-should-you-play-on-playamo-casino-1.jpeg 2048w, https:\/\/rocketplay-online.com\/wp-content\/uploads\/2022\/08\/playamo-australia-review-why-should-you-play-on-playamo-casino-1-300x192.jpeg 300w, https:\/\/rocketplay-online.com\/wp-content\/uploads\/2022\/08\/playamo-australia-review-why-should-you-play-on-playamo-casino-1-1024x656.jpeg 1024w, https:\/\/rocketplay-online.com\/wp-content\/uploads\/2022\/08\/playamo-australia-review-why-should-you-play-on-playamo-casino-1-768x492.jpeg 768w, https:\/\/rocketplay-online.com\/wp-content\/uploads\/2022\/08\/playamo-australia-review-why-should-you-play-on-playamo-casino-1-1536x983.jpeg 1536w\" sizes=\"auto, (max-width: 592px) 100vw, 592px\" \/><\/p>\n<p><span style=\"font-weight: 400;\">Was sind <a href=\"https:\/\/rocketplay-online.com\/de\/\">RocketPlay<\/a> Freispiele? Jeder Spieler kann sie nutzen, ohne einen Cent auszugeben. Dies ist nur eine gro\u00dfartige Gelegenheit, sich mit den Grunds\u00e4tzen der Internet-Einrichtung vertraut zu machen. Sowie alle M\u00f6glichkeiten der Gl\u00fccksspiel-Unterhaltung aus dem Katalog der Website, die Vermeidung von finanziellen Risiken.\u00a0<\/span><\/p>\n<p>So erh\u00e4lt der Casino-Kunde RocketPlay Gratis-Casino-Spins f\u00fcr echtes Geld als Gewinn. Anschlie\u00dfend sollten sie f\u00fcr Eins\u00e4tze an anderen Automaten verwendet oder bequem ausgezahlt werden.<\/p>\n<p>Von den Vorteilen des Spiels mit zus\u00e4tzlichen Runden sind die folgenden zu nennen:<\/p>\n<ul>\n<li style=\"font-weight: 400;\" aria-level=\"1\">Einfache Regeln f\u00fcr die Anwendung.<\/li>\n<li style=\"font-weight: 400;\" aria-level=\"1\">Die Website-Verwaltung gibt den Kunden im Durchschnitt bis zu mehreren Dutzend kostenlose Runden f\u00fcr die Erstellung eines Kontos.<\/li>\n<li style=\"font-weight: 400;\" aria-level=\"1\">Wenn sie f\u00fcr die Einzahlung von Geldern berechnet werden, h\u00e4ngt ihre Anzahl davon ab, wie viel die Einzahlung wieder aufgef\u00fcllt wurde.<\/li>\n<li style=\"font-weight: 400;\" aria-level=\"1\">Gro\u00dfe Gewinne.<\/li>\n<\/ul>\n<p>Es gibt jedoch auch einige Nachteile zu beachten. Zum Beispiel:<\/p>\n<ul>\n<li style=\"font-weight: 400;\" aria-level=\"1\">Die Grenze bei der Abhebung von Geld, das mit Hilfe einer solchen Aktion erhalten wurde &#8211; nach den Regeln fast aller Gl\u00fccksspieleinrichtungen muss es mit einem bestimmten Multiplikator eingesetzt werden. Erst wenn diese Hauptbedingung erf\u00fcllt ist, kann der Spieler Geld auf ein elektronisches Konto oder eine Bankkarte abheben.<\/li>\n<li style=\"font-weight: 400;\" aria-level=\"1\">Viele Seiten mit Gl\u00fccksspielunterhaltung bieten FS die Erstellung eines neuen pers\u00f6nlichen Kontos, sowie sehr gute M\u00f6glichkeiten f\u00fcr Stammkunden.<\/li>\n<\/ul>\n<p>Die Casino-Belohnungen unterscheiden sich in ihrer H\u00f6he und den Bedingungen f\u00fcr ihren Erhalt. Die Regeln f\u00fcr die Bereitstellung von ihnen kann sich \u00e4ndern, so ist es sehr wichtig, sorgf\u00e4ltig zu studieren die Details der technischen Support-Spezialisten. Kostenlose Runden ohne Einsatz sind selten. Die Benutzer m\u00fcssen das mit ihnen verdiente Geld zur\u00fcckgewinnen, um den Geldbetrag abheben zu k\u00f6nnen. Was kann FS sein:<\/p>\n<ul>\n<li style=\"font-weight: 400;\" aria-level=\"1\">RocketPlay Casino Freispiele ohne Einzahlung.<\/li>\n<li style=\"font-weight: 400;\" aria-level=\"1\">FS f\u00fcr die Einzahlung von Geld.<\/li>\n<li style=\"font-weight: 400;\" aria-level=\"1\">Werbeaktionen anl\u00e4sslich eines Geburtstags oder eines anderen Feiertags.<\/li>\n<li style=\"font-weight: 400;\" aria-level=\"1\">Zus\u00e4tzliche Runden mit Videospielautomaten f\u00fcr bestimmte Aktionen (Best\u00e4tigung einer Telefonnummer, E-Mail usw.).<\/li>\n<\/ul>\n<p>Der automatische <a href=\"https:\/\/rocketplay-online.com\/bonus\/\">Bonus<\/a> wird sofort nach der Registrierung eines Kontos gutgeschrieben. Vergessen Sie nicht die Verifizierung. Online-Gl\u00fccksspiele d\u00fcrfen nur von Erwachsenen gespielt werden.<\/p>\n<div class=\"go-btn-container\"><div class=\"tosh-btn\"><a href=\"\/go-casino\/\" target=\"_blank\">BONUS ERHALTEN<\/a><\/div><\/div>\n<h2>Wie man Freispiele beansprucht<\/h2>\n<p>Geschenkrunden f\u00fcr die Registrierung eines Kontos und andere Aktionen erhalten die Kunden in fast jedem Online-Casino. Allerdings gibt es oft Einschr\u00e4nkungen f\u00fcr die Spielunterhaltung, bei der diese Geschenke verwendet werden. Bonusrunden erhalten sowohl neu registrierte Benutzer als auch regul\u00e4re Spieler, die Aktionscodes verwenden oder bestimmte Aktionen durchf\u00fchren.<\/p>\n<p>Sie k\u00f6nnen bei Online Freispiele Casino RocketPlay mit der R\u00fccknahme von Geld auf diese Weise verdient nur nach der Registrierung spielen. Au\u00dferdem k\u00f6nnen Online-Casino-Kunden Freirunden f\u00fcr eine Einzahlung, die Best\u00e4tigung einer Telefonnummer oder E-Mail, die Teilnahme an Turnieren erhalten. Dar\u00fcber hinaus bieten einige Gl\u00fccksspielclubs Freispiele f\u00fcr einen Geburtstag oder einen anderen wichtigen Feiertag.<\/p>\n<p><img loading=\"lazy\" decoding=\"async\" class=\"aligncenter size-full wp-image-259\" src=\"https:\/\/rocketplay-online.com\/wp-content\/uploads\/2022\/08\/rocket-play-welcome-bonus.jpg\" alt=\"rocketplay free spins\" width=\"905\" height=\"280\" srcset=\"https:\/\/rocketplay-online.com\/wp-content\/uploads\/2022\/08\/rocket-play-welcome-bonus.jpg 905w, https:\/\/rocketplay-online.com\/wp-content\/uploads\/2022\/08\/rocket-play-welcome-bonus-300x93.jpg 300w, https:\/\/rocketplay-online.com\/wp-content\/uploads\/2022\/08\/rocket-play-welcome-bonus-768x238.jpg 768w\" sizes=\"auto, (max-width: 905px) 100vw, 905px\" \/><\/p>\n<h2>Spiele mit Freispielen<\/h2>\n<p>Wenn ein Spieler bei einem bestimmten Spiel gewinnt, erh\u00e4lt er echtes Geld. Anschlie\u00dfend werden sie verwendet, um in Slots zu wetten oder vom Konto abzuheben. Freispiele Casino RocketPlay Australia ist eine wunderbare Promotion, die Kunden eines Online Casinos erhalten. Das bedeutet, dass der Benutzer spezielle Runden erh\u00e4lt, die kostenlos gespielt werden k\u00f6nnen und echte Gewinne bringen. Es sollte jedoch beachtet werden, dass bei einer solchen Aktion der Einsatz in der Regel auf einen bescheidenen Geldbetrag begrenzt ist.<\/p>\n<p>Solche Runden sind nur auf einigen Ger\u00e4ten verf\u00fcgbar. Bei dieser Gelegenheit ist es am besten, die Einzelheiten mit dem technischen Kundendienst zu kl\u00e4ren, damit es keine Missverst\u00e4ndnisse gibt. Der maximale Einsatz ist in der Regel auf einen sehr geringen Betrag begrenzt. Zus\u00e4tzliche Geschenkrunden k\u00f6nnen nur in den Spielen ausgegeben werden, die \u00fcber Walzen aus dem gesamten Spektrum der Gl\u00fccksspielunterhaltung verf\u00fcgen.<\/p>\n<p>Diese Art von Bonus ist durch eine besondere Funktion in den Video-Slots selbst entstanden. Die Mechanik besteht darin, dass der Spieler nach Erhalt der erforderlichen Symbole die M\u00f6glichkeit erh\u00e4lt, die Walzen eine bestimmte Anzahl von Malen zu drehen und eine zus\u00e4tzliche Belohnung zu erhalten. Es besteht die M\u00f6glichkeit, Freispiele im Live Casino RocketPlay zu nutzen. Solche Online-Casino-Boni, insbesondere solche, die man mit einem Promo-Code oder zu einem Geburtstag erh\u00e4lt, haben eine begrenzte Laufzeit. Daher ist es besser, sie sofort nach dem Erhalt zu verwenden. Vorzugsweise in den ersten paar Tagen.<\/p>\n<div class=\"go-btn-container\"><div class=\"tosh-btn\"><a href=\"\/go-casino\/\" target=\"_blank\">BONUS ERHALTEN<\/a><\/div><\/div>\n<h2><span style=\"font-weight: 400;\">FAQ<\/span><\/h2>\n<h3>Was ist ein Promo-Code?<\/h3>\n<p>Meistens k\u00f6nnen Sie kostenlose Casino-Boni nach einiger Zeit nutzen. In diesem Fall ist es m\u00f6glich, Promo-Codes zu verwenden &#8211; Kombinationen aus Zahlen und Buchstaben. Promo-Codes sind in der Regel auf Partner-Websites zu finden. Eine solche Kombination kann in eine spezielle Zelle eingegeben werden.<\/p>\n<h3>Was ist ein Aktionscode und wie kann man ihn verwenden?<\/h3>\n<p>Wenn Sie den Bonus aktivieren m\u00fcssen, wird der Code direkt bei der Registrierung verwendet<\/p>\n<p>Konto. In anderen F\u00e4llen werden die Kombinationen in Ihr pers\u00f6nliches Konto eingegeben oder einem Spezialisten des technischen Supports in einem Chat mitgeteilt. Promotion-Codes f\u00fcr Freispiele mit Auszahlung von Gewinnen sind in einmalige und wiederverwendbare unterteilt. In der Regel sind sie in der Sektion mit Promotionen zu finden oder werden vom Support der Gl\u00fccksspielseite per E-Mail verteilt.<\/p>\n<h3>Ist es notwendig, den Bonus zu setzen?<\/h3>\n<p>Ja. Von wenigen Ausnahmen abgesehen, m\u00fcssen Gewinne, die Sie mit kostenlosen Casino-Boni erzielt haben, umgesetzt werden. Dazu m\u00fcssen Sie Wetten \u00fcber einen bestimmten Betrag abschlie\u00dfen &#8211; erst dann k\u00f6nnen Sie Geld abheben. Um Probleme zu vermeiden, ist es besser, die Bedingungen sofort zu kl\u00e4ren. Studieren Sie sorgf\u00e4ltig alle Informationen und Regeln der Gl\u00fccksspieleinrichtung, bevor Sie etwas unternehmen.<\/p>\n","protected":false},"excerpt":{"rendered":"<p>Was sind RocketPlay Freispiele? Jeder Spieler kann sie nutzen, ohne einen Cent auszugeben. Dies ist nur eine gro\u00dfartige Gelegenheit, sich mit den Grunds\u00e4tzen der Internet-Einrichtung vertraut zu machen. Sowie alle M\u00f6glichkeiten der Gl\u00fccksspiel-Unterhaltung aus dem Katalog der Website, die Vermeidung von finanziellen Risiken.\u00a0 So erh\u00e4lt der Casino-Kunde RocketPlay Gratis-Casino-Spins f\u00fcr echtes Geld als Gewinn. Anschlie\u00dfend&#8230;<\/p>\n","protected":false},"author":1,"featured_media":0,"parent":0,"menu_order":0,"comment_status":"closed","ping_status":"closed","template":"","meta":{"_acf_changed":false,"_kad_post_transparent":"default","_kad_post_title":"default","_kad_post_layout":"default","_kad_post_sidebar_id":"","_kad_post_content_style":"default","_kad_post_vertical_padding":"default","_kad_post_feature":"","_kad_post_feature_position":"","_kad_post_header":false,"_kad_post_footer":false,"footnotes":""},"class_list":["post-1433","page","type-page","status-publish","hentry"],"acf":[],"rttpg_featured_image_url":null,"rttpg_author":{"display_name":"Oliver","author_link":"https:\/\/rocketplay-online.com\/de\/author\/pemvas95n89x\/"},"rttpg_comment":0,"rttpg_category":null,"rttpg_excerpt":"Was sind RocketPlay Freispiele? Jeder Spieler kann sie nutzen, ohne einen Cent auszugeben. Dies ist nur eine gro\u00dfartige Gelegenheit, sich mit den Grunds\u00e4tzen der Internet-Einrichtung vertraut zu machen. Sowie alle M\u00f6glichkeiten der Gl\u00fccksspiel-Unterhaltung aus dem Katalog der Website, die Vermeidung von finanziellen Risiken.\u00a0 So erh\u00e4lt der Casino-Kunde RocketPlay Gratis-Casino-Spins f\u00fcr echtes Geld als Gewinn. Anschlie\u00dfend...","_links":{"self":[{"href":"https:\/\/rocketplay-online.com\/de\/wp-json\/wp\/v2\/pages\/1433","targetHints":{"allow":["GET"]}}],"collection":[{"href":"https:\/\/rocketplay-online.com\/de\/wp-json\/wp\/v2\/pages"}],"about":[{"href":"https:\/\/rocketplay-online.com\/de\/wp-json\/wp\/v2\/types\/page"}],"author":[{"embeddable":true,"href":"https:\/\/rocketplay-online.com\/de\/wp-json\/wp\/v2\/users\/1"}],"replies":[{"embeddable":true,"href":"https:\/\/rocketplay-online.com\/de\/wp-json\/wp\/v2\/comments?post=1433"}],"version-history":[{"count":4,"href":"https:\/\/rocketplay-online.com\/de\/wp-json\/wp\/v2\/pages\/1433\/revisions"}],"predecessor-version":[{"id":6569,"href":"https:\/\/rocketplay-online.com\/de\/wp-json\/wp\/v2\/pages\/1433\/revisions\/6569"}],"wp:attachment":[{"href":"https:\/\/rocketplay-online.com\/de\/wp-json\/wp\/v2\/media?parent=1433"}],"curies":[{"name":"wp","href":"https:\/\/api.w.org\/{rel}","templated":true}]}}